{"id":746,"date":"2016-12-04T23:36:37","date_gmt":"2016-12-04T21:36:37","guid":{"rendered":"http:\/\/xn--josfederspiel-dhb.net\/de\/?page_id=746"},"modified":"2026-04-08T23:28:49","modified_gmt":"2026-04-08T21:28:49","slug":"contact-us","status":"publish","type":"page","link":"https:\/\/xn--josfederspiel-dhb.net\/de\/?page_id=746","title":{"rendered":"KONTAKT"},"content":{"rendered":"\n<div class=\"wp-block-columns is-layout-flex wp-container-core-columns-is-layout-9d6595d7 wp-block-columns-is-layout-flex\">\n<div class=\"wp-block-column is-layout-flow wp-block-column-is-layout-flow\" style=\"flex-basis:100%\">\n<p class=\"has-text-align-center\"><strong>ATELIERBESUCH<\/strong><\/p>\n\n\n\n<p>&nbsp;<\/p>\n\n\n\n<div class=\"wp-block-columns is-layout-flex wp-container-core-columns-is-layout-9d6595d7 wp-block-columns-is-layout-flex\">\n<div class=\"wp-block-column is-layout-flow wp-block-column-is-layout-flow\"><div class=\"wp-block-image\">\n<figure class=\"aligncenter size-full\"><img loading=\"lazy\" decoding=\"async\" width=\"2048\" height=\"2048\" src=\"https:\/\/xn--josfederspiel-dhb.net\/de\/wp-content\/uploads\/2026\/01\/DaMos_Drehraus_Neu.jpg\" alt=\"\" class=\"wp-image-3269\" srcset=\"https:\/\/xn--josfederspiel-dhb.net\/de\/wp-content\/uploads\/2026\/01\/DaMos_Drehraus_Neu.jpg 2048w, https:\/\/xn--josfederspiel-dhb.net\/de\/wp-content\/uploads\/2026\/01\/DaMos_Drehraus_Neu-900x900.jpg 900w, https:\/\/xn--josfederspiel-dhb.net\/de\/wp-content\/uploads\/2026\/01\/DaMos_Drehraus_Neu-150x150.jpg 150w, https:\/\/xn--josfederspiel-dhb.net\/de\/wp-content\/uploads\/2026\/01\/DaMos_Drehraus_Neu-768x768.jpg 768w, https:\/\/xn--josfederspiel-dhb.net\/de\/wp-content\/uploads\/2026\/01\/DaMos_Drehraus_Neu-1536x1536.jpg 1536w, https:\/\/xn--josfederspiel-dhb.net\/de\/wp-content\/uploads\/2026\/01\/DaMos_Drehraus_Neu-300x300.jpg 300w, https:\/\/xn--josfederspiel-dhb.net\/de\/wp-content\/uploads\/2026\/01\/DaMos_Drehraus_Neu-600x600.jpg 600w, https:\/\/xn--josfederspiel-dhb.net\/de\/wp-content\/uploads\/2026\/01\/DaMos_Drehraus_Neu-100x100.jpg 100w\" sizes=\"auto, (max-width: 2048px) 100vw, 2048px\" \/><\/figure><\/div><\/div>\n\n\n\n<div class=\"wp-block-column is-layout-flow wp-block-column-is-layout-flow\">\n<p>Sch\u00f6n, dass Sie hier sind und sich f\u00fcr meine Arbeiten interessieren.<\/p>\n\n\n\n<p>Wenn Sie Interesse an einem Atelierbesuch im beschaulichen Pf\u00e4fers haben \u2013 einem Ort, wo sich sprichw\u00f6rtlich Fuchs und Hase gute Nacht sagen \u2013, mehr \u00fcber meine Arbeiten erfahren oder sich f\u00fcr eines der Werke interessieren, freue ich mich \u00fcber Ihre Kontaktaufnahme. Gerne nehme ich mir Zeit f\u00fcr pers\u00f6nliche Gespr\u00e4che, Anfragen zu einzelnen Bildern oder den kreativen Prozess dahinter.<\/p>\n\n\n\n<p><strong>Kontakt:<\/strong><br>Mosillus Media &amp; Publishing<br>Jos\u00e9 Carlos Federspiel<br>Buchwaldstrasse 11<br>CH-7312 Pf\u00e4fers<br>info(at)mosillus.com<\/p>\n\n\n\n<p class=\"has-small-font-size\"><em>PS: Die Originalwerke der Serie \u201eAnimals around me\u201c k\u00f6nnen derzeit noch nicht verkauft werden, da ich sie zun\u00e4chst im Rahmen einer Ausstellung zeigen m\u00f6chte. An Serie II wird aktuell noch gearbeitet.<\/em><\/p>\n<\/div>\n<\/div>\n\n\n\n<div class=\"wp-block-columns is-layout-flex wp-container-core-columns-is-layout-9d6595d7 wp-block-columns-is-layout-flex\"><\/div>\n<\/div>\n<\/div>\n\n\n<div class=\"wp-block-image\">\n<figure class=\"aligncenter size-full is-resized\"><a href=\"https:\/\/xn--josfederspiel-dhb.net\/de\/wp-content\/uploads\/2021\/09\/linie_breit.png\"><img loading=\"lazy\" decoding=\"async\" width=\"1200\" height=\"2\" src=\"https:\/\/xn--josfederspiel-dhb.net\/de\/wp-content\/uploads\/2021\/09\/linie_breit.png\" alt=\"\" class=\"wp-image-2236\" style=\"width:12000px;height:auto\" srcset=\"https:\/\/xn--josfederspiel-dhb.net\/de\/wp-content\/uploads\/2021\/09\/linie_breit.png 1200w, https:\/\/xn--josfederspiel-dhb.net\/de\/wp-content\/uploads\/2021\/09\/linie_breit-300x2.png 300w, https:\/\/xn--josfederspiel-dhb.net\/de\/wp-content\/uploads\/2021\/09\/linie_breit-1024x2.png 1024w, https:\/\/xn--josfederspiel-dhb.net\/de\/wp-content\/uploads\/2021\/09\/linie_breit-150x2.png 150w, https:\/\/xn--josfederspiel-dhb.net\/de\/wp-content\/uploads\/2021\/09\/linie_breit-768x1.png 768w, https:\/\/xn--josfederspiel-dhb.net\/de\/wp-content\/uploads\/2021\/09\/linie_breit-600x1.png 600w, https:\/\/xn--josfederspiel-dhb.net\/de\/wp-content\/uploads\/2021\/09\/linie_breit-100x2.png 100w\" sizes=\"auto, (max-width: 1200px) 100vw, 1200px\" \/><\/a><\/figure><\/div>\n\n\n<p class=\"has-text-align-center has-text-color\" style=\"color:#77797a;font-size:11px\">All Artwork&nbsp;&nbsp;on this site are the exclusive copyrighted works of&nbsp;Jos\u00e9 Federspiel&nbsp;. Any unlawful redistribution or reproduction of artwork featured on this site without prior express written authorization of the copyright owner is strictly prohibited. \u00a9 Jos\u00e9 Federspiel and Mosillus.com Media &amp; Publishing 2023!<\/p>\n","protected":false},"excerpt":{"rendered":"<p>ATELIERBESUCH &nbsp; Sch\u00f6n, dass Sie hier sind und sich f\u00fcr meine Arbeiten interessieren. Wenn Sie Interesse an einem Atelierbesuch im beschaulichen Pf\u00e4fers haben \u2013 einem Ort, wo sich sprichw\u00f6rtlich Fuchs und Hase gute Nacht sagen \u2013, mehr \u00fcber meine Arbeiten erfahren oder sich f\u00fcr eines der Werke interessieren, freue ich mich \u00fcber Ihre Kontaktaufnahme. Gerne [&hellip;]<\/p>\n","protected":false},"author":1,"featured_media":0,"parent":0,"menu_order":55,"comment_status":"closed","ping_status":"closed","template":"","meta":{"footnotes":""},"class_list":["post-746","page","type-page","status-publish","hentry"],"_links":{"self":[{"href":"https:\/\/xn--josfederspiel-dhb.net\/de\/index.php?rest_route=\/wp\/v2\/pages\/746","targetHints":{"allow":["GET"]}}],"collection":[{"href":"https:\/\/xn--josfederspiel-dhb.net\/de\/index.php?rest_route=\/wp\/v2\/pages"}],"about":[{"href":"https:\/\/xn--josfederspiel-dhb.net\/de\/index.php?rest_route=\/wp\/v2\/types\/page"}],"author":[{"embeddable":true,"href":"https:\/\/xn--josfederspiel-dhb.net\/de\/index.php?rest_route=\/wp\/v2\/users\/1"}],"replies":[{"embeddable":true,"href":"https:\/\/xn--josfederspiel-dhb.net\/de\/index.php?rest_route=%2Fwp%2Fv2%2Fcomments&post=746"}],"version-history":[{"count":158,"href":"https:\/\/xn--josfederspiel-dhb.net\/de\/index.php?rest_route=\/wp\/v2\/pages\/746\/revisions"}],"predecessor-version":[{"id":3295,"href":"https:\/\/xn--josfederspiel-dhb.net\/de\/index.php?rest_route=\/wp\/v2\/pages\/746\/revisions\/3295"}],"wp:attachment":[{"href":"https:\/\/xn--josfederspiel-dhb.net\/de\/index.php?rest_route=%2Fwp%2Fv2%2Fmedia&parent=746"}],"curies":[{"name":"wp","href":"https:\/\/api.w.org\/{rel}","templated":true}]}}