{"id":2808,"date":"2024-08-29T20:50:22","date_gmt":"2024-08-29T18:50:22","guid":{"rendered":"https:\/\/xn--josfederspiel-dhb.net\/de\/?page_id=2808"},"modified":"2025-11-19T22:34:51","modified_gmt":"2025-11-19T20:34:51","slug":"monochrome-mirrors","status":"publish","type":"page","link":"https:\/\/xn--josfederspiel-dhb.net\/de\/?page_id=2808","title":{"rendered":"MONOCHROME MIRRORS"},"content":{"rendered":"\n<p class=\"has-text-align-center\">Die Bilder dieser Serie sind unruhig, lebendig, beinahe chaotisch \u2013 jeder Strich, jede Linie, jede Form scheint gegen die andere zu sto\u00dfen, zu dr\u00e4ngen, zu rebellieren. Doch inmitten dieses Durcheinanders offenbart sich die Symmetrie wie ein Atemzug der Ordnung.<\/p>\n\n\n\n<p class=\"has-text-align-center\">Symmetrie ist hier kein Zwang, kein starres Muster, sondern ein Rahmen, der das Chaos einf\u00e4ngt und gleichzeitig seinen Impuls bewahrt. Sie macht das Unordentliche sichtbar, greifbar, verst\u00e4ndlich, ohne es zu gl\u00e4tten. Das Auge wird gef\u00fchrt, aber nie belehrt; die Wahrnehmung findet Ruhe in der Balance, obwohl das Bild selbst von Unruhe lebt.<\/p>\n\n\n\n<p class=\"has-text-align-center\">In dieser Serie liegt die Sch\u00f6nheit nicht in der Perfektion der Formen, sondern in der Spannung zwischen Unordnung und Harmonie. Die Symmetrie ordnet, ohne zu unterdr\u00fccken; sie strukturiert, ohne die Energie zu nehmen; sie erlaubt dem Chaos zu existieren \u2013 und macht es gleichzeitig zu etwas, das wir begreifen, genie\u00dfen, betrachten k\u00f6nnen.<\/p>\n\n\n\n<p><\/p>\n\n\n\n<p class=\"has-text-align-center\">MONOCHROME MIRRORS <strong>WOW \u00a0<\/strong>400 x 600 mm \/ Mixed Media on Hahnem\u00fchle Paper (2024)<\/p>\n\n\n\n<figure data-wp-context=\"{&quot;imageId&quot;:&quot;69e2ede08615f&quot;}\" data-wp-interactive=\"core\/image\" class=\"wp-block-image size-full is-resized wp-lightbox-container\"><img loading=\"lazy\" decoding=\"async\" width=\"2560\" height=\"1920\" data-wp-class--hide=\"state.isContentHidden\" data-wp-class--show=\"state.isContentVisible\" data-wp-init=\"callbacks.setButtonStyles\" data-wp-on-async--click=\"actions.showLightbox\" data-wp-on-async--load=\"callbacks.setButtonStyles\" data-wp-on-async-window--resize=\"callbacks.setButtonStyles\" src=\"https:\/\/xn--josfederspiel-dhb.net\/de\/wp-content\/uploads\/2025\/11\/Symetric_3_30x40-2-scaled.jpg\" alt=\"\" class=\"wp-image-3244\" style=\"width:1313px;height:auto\" srcset=\"https:\/\/xn--josfederspiel-dhb.net\/de\/wp-content\/uploads\/2025\/11\/Symetric_3_30x40-2-scaled.jpg 2560w, https:\/\/xn--josfederspiel-dhb.net\/de\/wp-content\/uploads\/2025\/11\/Symetric_3_30x40-2-900x675.jpg 900w, https:\/\/xn--josfederspiel-dhb.net\/de\/wp-content\/uploads\/2025\/11\/Symetric_3_30x40-2-768x576.jpg 768w, https:\/\/xn--josfederspiel-dhb.net\/de\/wp-content\/uploads\/2025\/11\/Symetric_3_30x40-2-1536x1152.jpg 1536w, https:\/\/xn--josfederspiel-dhb.net\/de\/wp-content\/uploads\/2025\/11\/Symetric_3_30x40-2-2048x1536.jpg 2048w, https:\/\/xn--josfederspiel-dhb.net\/de\/wp-content\/uploads\/2025\/11\/Symetric_3_30x40-2-600x450.jpg 600w\" sizes=\"auto, (max-width: 2560px) 100vw, 2560px\" \/><button\n\t\t\tclass=\"lightbox-trigger\"\n\t\t\ttype=\"button\"\n\t\t\taria-haspopup=\"dialog\"\n\t\t\taria-label=\"Vergr\u00f6\u00dfern\"\n\t\t\tdata-wp-init=\"callbacks.initTriggerButton\"\n\t\t\tdata-wp-on-async--click=\"actions.showLightbox\"\n\t\t\tdata-wp-style--right=\"state.imageButtonRight\"\n\t\t\tdata-wp-style--top=\"state.imageButtonTop\"\n\t\t>\n\t\t\t<svg xmlns=\"http:\/\/www.w3.org\/2000\/svg\" width=\"12\" height=\"12\" fill=\"none\" viewBox=\"0 0 12 12\">\n\t\t\t\t<path fill=\"#fff\" d=\"M2 0a2 2 0 0 0-2 2v2h1.5V2a.5.5 0 0 1 .5-.5h2V0H2Zm2 10.5H2a.5.5 0 0 1-.5-.5V8H0v2a2 2 0 0 0 2 2h2v-1.5ZM8 12v-1.5h2a.5.5 0 0 0 .5-.5V8H12v2a2 2 0 0 1-2 2H8Zm2-12a2 2 0 0 1 2 2v2h-1.5V2a.5.5 0 0 0-.5-.5H8V0h2Z\" \/>\n\t\t\t<\/svg>\n\t\t<\/button><\/figure>\n\n\n\n<p class=\"has-text-align-center\">MONOCHROME MIRRORS <strong>WOW II\u00a0<\/strong>400 x 600 mm \/ Mixed Media on Hahnem\u00fchle Paper (2024)<\/p>\n\n\n\n<figure data-wp-context=\"{&quot;imageId&quot;:&quot;69e2ede08672e&quot;}\" data-wp-interactive=\"core\/image\" class=\"wp-block-image size-full wp-lightbox-container\"><img loading=\"lazy\" decoding=\"async\" width=\"2560\" height=\"1920\" data-wp-class--hide=\"state.isContentHidden\" data-wp-class--show=\"state.isContentVisible\" data-wp-init=\"callbacks.setButtonStyles\" data-wp-on-async--click=\"actions.showLightbox\" data-wp-on-async--load=\"callbacks.setButtonStyles\" data-wp-on-async-window--resize=\"callbacks.setButtonStyles\" src=\"https:\/\/xn--josfederspiel-dhb.net\/de\/wp-content\/uploads\/2024\/10\/Symetric_5_30x40_NEU-scaled.jpg\" alt=\"\" class=\"wp-image-2917\" srcset=\"https:\/\/xn--josfederspiel-dhb.net\/de\/wp-content\/uploads\/2024\/10\/Symetric_5_30x40_NEU-scaled.jpg 2560w, https:\/\/xn--josfederspiel-dhb.net\/de\/wp-content\/uploads\/2024\/10\/Symetric_5_30x40_NEU-900x675.jpg 900w, https:\/\/xn--josfederspiel-dhb.net\/de\/wp-content\/uploads\/2024\/10\/Symetric_5_30x40_NEU-768x576.jpg 768w, https:\/\/xn--josfederspiel-dhb.net\/de\/wp-content\/uploads\/2024\/10\/Symetric_5_30x40_NEU-1536x1152.jpg 1536w, https:\/\/xn--josfederspiel-dhb.net\/de\/wp-content\/uploads\/2024\/10\/Symetric_5_30x40_NEU-2048x1536.jpg 2048w, https:\/\/xn--josfederspiel-dhb.net\/de\/wp-content\/uploads\/2024\/10\/Symetric_5_30x40_NEU-600x450.jpg 600w\" sizes=\"auto, (max-width: 2560px) 100vw, 2560px\" \/><button\n\t\t\tclass=\"lightbox-trigger\"\n\t\t\ttype=\"button\"\n\t\t\taria-haspopup=\"dialog\"\n\t\t\taria-label=\"Vergr\u00f6\u00dfern\"\n\t\t\tdata-wp-init=\"callbacks.initTriggerButton\"\n\t\t\tdata-wp-on-async--click=\"actions.showLightbox\"\n\t\t\tdata-wp-style--right=\"state.imageButtonRight\"\n\t\t\tdata-wp-style--top=\"state.imageButtonTop\"\n\t\t>\n\t\t\t<svg xmlns=\"http:\/\/www.w3.org\/2000\/svg\" width=\"12\" height=\"12\" fill=\"none\" viewBox=\"0 0 12 12\">\n\t\t\t\t<path fill=\"#fff\" d=\"M2 0a2 2 0 0 0-2 2v2h1.5V2a.5.5 0 0 1 .5-.5h2V0H2Zm2 10.5H2a.5.5 0 0 1-.5-.5V8H0v2a2 2 0 0 0 2 2h2v-1.5ZM8 12v-1.5h2a.5.5 0 0 0 .5-.5V8H12v2a2 2 0 0 1-2 2H8Zm2-12a2 2 0 0 1 2 2v2h-1.5V2a.5.5 0 0 0-.5-.5H8V0h2Z\" \/>\n\t\t\t<\/svg>\n\t\t<\/button><\/figure>\n\n\n\n<p class=\"has-text-align-center\">MONOCHROME MIRRORS <strong>MASK OFF&nbsp;<\/strong>400 x 600 mm \/ Mixed Media on Hahnem\u00fchle Paper (2025)<\/p>\n\n\n\n<figure data-wp-context=\"{&quot;imageId&quot;:&quot;69e2ede086bd1&quot;}\" data-wp-interactive=\"core\/image\" class=\"wp-block-image size-large wp-lightbox-container\"><img loading=\"lazy\" decoding=\"async\" width=\"5000\" height=\"3750\" data-wp-class--hide=\"state.isContentHidden\" data-wp-class--show=\"state.isContentVisible\" data-wp-init=\"callbacks.setButtonStyles\" data-wp-on-async--click=\"actions.showLightbox\" data-wp-on-async--load=\"callbacks.setButtonStyles\" data-wp-on-async-window--resize=\"callbacks.setButtonStyles\" src=\"https:\/\/xn--josfederspiel-dhb.net\/de\/wp-content\/uploads\/2025\/08\/Symetric_6__1_30x40-5000x3750.jpg\" alt=\"\" class=\"wp-image-3101\" srcset=\"https:\/\/xn--josfederspiel-dhb.net\/de\/wp-content\/uploads\/2025\/08\/Symetric_6__1_30x40-5000x3750.jpg 5000w, https:\/\/xn--josfederspiel-dhb.net\/de\/wp-content\/uploads\/2025\/08\/Symetric_6__1_30x40-900x675.jpg 900w, https:\/\/xn--josfederspiel-dhb.net\/de\/wp-content\/uploads\/2025\/08\/Symetric_6__1_30x40-768x576.jpg 768w, https:\/\/xn--josfederspiel-dhb.net\/de\/wp-content\/uploads\/2025\/08\/Symetric_6__1_30x40-1536x1152.jpg 1536w, https:\/\/xn--josfederspiel-dhb.net\/de\/wp-content\/uploads\/2025\/08\/Symetric_6__1_30x40-2048x1536.jpg 2048w, https:\/\/xn--josfederspiel-dhb.net\/de\/wp-content\/uploads\/2025\/08\/Symetric_6__1_30x40-600x450.jpg 600w\" sizes=\"auto, (max-width: 5000px) 100vw, 5000px\" \/><button\n\t\t\tclass=\"lightbox-trigger\"\n\t\t\ttype=\"button\"\n\t\t\taria-haspopup=\"dialog\"\n\t\t\taria-label=\"Vergr\u00f6\u00dfern\"\n\t\t\tdata-wp-init=\"callbacks.initTriggerButton\"\n\t\t\tdata-wp-on-async--click=\"actions.showLightbox\"\n\t\t\tdata-wp-style--right=\"state.imageButtonRight\"\n\t\t\tdata-wp-style--top=\"state.imageButtonTop\"\n\t\t>\n\t\t\t<svg xmlns=\"http:\/\/www.w3.org\/2000\/svg\" width=\"12\" height=\"12\" fill=\"none\" viewBox=\"0 0 12 12\">\n\t\t\t\t<path fill=\"#fff\" d=\"M2 0a2 2 0 0 0-2 2v2h1.5V2a.5.5 0 0 1 .5-.5h2V0H2Zm2 10.5H2a.5.5 0 0 1-.5-.5V8H0v2a2 2 0 0 0 2 2h2v-1.5ZM8 12v-1.5h2a.5.5 0 0 0 .5-.5V8H12v2a2 2 0 0 1-2 2H8Zm2-12a2 2 0 0 1 2 2v2h-1.5V2a.5.5 0 0 0-.5-.5H8V0h2Z\" \/>\n\t\t\t<\/svg>\n\t\t<\/button><\/figure>\n\n\n\n<p class=\"has-text-align-center\"><br>MONOCHROME MIRRORS <strong>ROCKSTAR&nbsp;<\/strong>400 x 600 mm \/ Mixed Media on Hahnem\u00fchle Paper (2025)<\/p>\n\n\n\n<figure data-wp-context=\"{&quot;imageId&quot;:&quot;69e2ede0871ac&quot;}\" data-wp-interactive=\"core\/image\" class=\"wp-block-image size-full wp-lightbox-container\"><img loading=\"lazy\" decoding=\"async\" width=\"2560\" height=\"1920\" data-wp-class--hide=\"state.isContentHidden\" data-wp-class--show=\"state.isContentVisible\" data-wp-init=\"callbacks.setButtonStyles\" data-wp-on-async--click=\"actions.showLightbox\" data-wp-on-async--load=\"callbacks.setButtonStyles\" data-wp-on-async-window--resize=\"callbacks.setButtonStyles\" src=\"https:\/\/xn--josfederspiel-dhb.net\/de\/wp-content\/uploads\/2025\/10\/Rockstar_Rahm.jpg\" alt=\"\" class=\"wp-image-3139\" srcset=\"https:\/\/xn--josfederspiel-dhb.net\/de\/wp-content\/uploads\/2025\/10\/Rockstar_Rahm.jpg 2560w, https:\/\/xn--josfederspiel-dhb.net\/de\/wp-content\/uploads\/2025\/10\/Rockstar_Rahm-900x675.jpg 900w, https:\/\/xn--josfederspiel-dhb.net\/de\/wp-content\/uploads\/2025\/10\/Rockstar_Rahm-768x576.jpg 768w, https:\/\/xn--josfederspiel-dhb.net\/de\/wp-content\/uploads\/2025\/10\/Rockstar_Rahm-1536x1152.jpg 1536w, https:\/\/xn--josfederspiel-dhb.net\/de\/wp-content\/uploads\/2025\/10\/Rockstar_Rahm-2048x1536.jpg 2048w, https:\/\/xn--josfederspiel-dhb.net\/de\/wp-content\/uploads\/2025\/10\/Rockstar_Rahm-600x450.jpg 600w\" sizes=\"auto, (max-width: 2560px) 100vw, 2560px\" \/><button\n\t\t\tclass=\"lightbox-trigger\"\n\t\t\ttype=\"button\"\n\t\t\taria-haspopup=\"dialog\"\n\t\t\taria-label=\"Vergr\u00f6\u00dfern\"\n\t\t\tdata-wp-init=\"callbacks.initTriggerButton\"\n\t\t\tdata-wp-on-async--click=\"actions.showLightbox\"\n\t\t\tdata-wp-style--right=\"state.imageButtonRight\"\n\t\t\tdata-wp-style--top=\"state.imageButtonTop\"\n\t\t>\n\t\t\t<svg xmlns=\"http:\/\/www.w3.org\/2000\/svg\" width=\"12\" height=\"12\" fill=\"none\" viewBox=\"0 0 12 12\">\n\t\t\t\t<path fill=\"#fff\" d=\"M2 0a2 2 0 0 0-2 2v2h1.5V2a.5.5 0 0 1 .5-.5h2V0H2Zm2 10.5H2a.5.5 0 0 1-.5-.5V8H0v2a2 2 0 0 0 2 2h2v-1.5ZM8 12v-1.5h2a.5.5 0 0 0 .5-.5V8H12v2a2 2 0 0 1-2 2H8Zm2-12a2 2 0 0 1 2 2v2h-1.5V2a.5.5 0 0 0-.5-.5H8V0h2Z\" \/>\n\t\t\t<\/svg>\n\t\t<\/button><\/figure>\n\n\n\n<p class=\"has-text-align-center\">MONOCHROME MIRRORS <strong>MEDUSA&nbsp;<\/strong>400 x 600 mm \/ Mixed Media on Hahnem\u00fchle Paper (2025)<\/p>\n\n\n\n<figure data-wp-context=\"{&quot;imageId&quot;:&quot;69e2ede0876d1&quot;}\" data-wp-interactive=\"core\/image\" class=\"wp-block-image size-large wp-lightbox-container\"><img loading=\"lazy\" decoding=\"async\" width=\"5000\" height=\"3750\" data-wp-class--hide=\"state.isContentHidden\" data-wp-class--show=\"state.isContentVisible\" data-wp-init=\"callbacks.setButtonStyles\" data-wp-on-async--click=\"actions.showLightbox\" data-wp-on-async--load=\"callbacks.setButtonStyles\" data-wp-on-async-window--resize=\"callbacks.setButtonStyles\" src=\"https:\/\/xn--josfederspiel-dhb.net\/de\/wp-content\/uploads\/2025\/11\/Symetric_Medusa-5000x3750.jpg\" alt=\"\" class=\"wp-image-3190\" srcset=\"https:\/\/xn--josfederspiel-dhb.net\/de\/wp-content\/uploads\/2025\/11\/Symetric_Medusa-5000x3750.jpg 5000w, https:\/\/xn--josfederspiel-dhb.net\/de\/wp-content\/uploads\/2025\/11\/Symetric_Medusa-900x675.jpg 900w, https:\/\/xn--josfederspiel-dhb.net\/de\/wp-content\/uploads\/2025\/11\/Symetric_Medusa-768x576.jpg 768w, https:\/\/xn--josfederspiel-dhb.net\/de\/wp-content\/uploads\/2025\/11\/Symetric_Medusa-1536x1152.jpg 1536w, https:\/\/xn--josfederspiel-dhb.net\/de\/wp-content\/uploads\/2025\/11\/Symetric_Medusa-2048x1536.jpg 2048w, https:\/\/xn--josfederspiel-dhb.net\/de\/wp-content\/uploads\/2025\/11\/Symetric_Medusa-600x450.jpg 600w\" sizes=\"auto, (max-width: 5000px) 100vw, 5000px\" \/><button\n\t\t\tclass=\"lightbox-trigger\"\n\t\t\ttype=\"button\"\n\t\t\taria-haspopup=\"dialog\"\n\t\t\taria-label=\"Vergr\u00f6\u00dfern\"\n\t\t\tdata-wp-init=\"callbacks.initTriggerButton\"\n\t\t\tdata-wp-on-async--click=\"actions.showLightbox\"\n\t\t\tdata-wp-style--right=\"state.imageButtonRight\"\n\t\t\tdata-wp-style--top=\"state.imageButtonTop\"\n\t\t>\n\t\t\t<svg xmlns=\"http:\/\/www.w3.org\/2000\/svg\" width=\"12\" height=\"12\" fill=\"none\" viewBox=\"0 0 12 12\">\n\t\t\t\t<path fill=\"#fff\" d=\"M2 0a2 2 0 0 0-2 2v2h1.5V2a.5.5 0 0 1 .5-.5h2V0H2Zm2 10.5H2a.5.5 0 0 1-.5-.5V8H0v2a2 2 0 0 0 2 2h2v-1.5ZM8 12v-1.5h2a.5.5 0 0 0 .5-.5V8H12v2a2 2 0 0 1-2 2H8Zm2-12a2 2 0 0 1 2 2v2h-1.5V2a.5.5 0 0 0-.5-.5H8V0h2Z\" \/>\n\t\t\t<\/svg>\n\t\t<\/button><\/figure>\n","protected":false},"excerpt":{"rendered":"<p>Die Bilder dieser Serie sind unruhig, lebendig, beinahe chaotisch \u2013 jeder Strich, jede Linie, jede Form scheint gegen die andere zu sto\u00dfen, zu dr\u00e4ngen, zu rebellieren. Doch inmitten dieses Durcheinanders offenbart sich die Symmetrie wie ein Atemzug der Ordnung. Symmetrie ist hier kein Zwang, kein starres Muster, sondern ein Rahmen, der das Chaos einf\u00e4ngt und [&hellip;]<\/p>\n","protected":false},"author":1,"featured_media":0,"parent":0,"menu_order":0,"comment_status":"closed","ping_status":"closed","template":"","meta":{"footnotes":""},"class_list":["post-2808","page","type-page","status-publish","hentry"],"_links":{"self":[{"href":"https:\/\/xn--josfederspiel-dhb.net\/de\/index.php?rest_route=\/wp\/v2\/pages\/2808","targetHints":{"allow":["GET"]}}],"collection":[{"href":"https:\/\/xn--josfederspiel-dhb.net\/de\/index.php?rest_route=\/wp\/v2\/pages"}],"about":[{"href":"https:\/\/xn--josfederspiel-dhb.net\/de\/index.php?rest_route=\/wp\/v2\/types\/page"}],"author":[{"embeddable":true,"href":"https:\/\/xn--josfederspiel-dhb.net\/de\/index.php?rest_route=\/wp\/v2\/users\/1"}],"replies":[{"embeddable":true,"href":"https:\/\/xn--josfederspiel-dhb.net\/de\/index.php?rest_route=%2Fwp%2Fv2%2Fcomments&post=2808"}],"version-history":[{"count":37,"href":"https:\/\/xn--josfederspiel-dhb.net\/de\/index.php?rest_route=\/wp\/v2\/pages\/2808\/revisions"}],"predecessor-version":[{"id":3250,"href":"https:\/\/xn--josfederspiel-dhb.net\/de\/index.php?rest_route=\/wp\/v2\/pages\/2808\/revisions\/3250"}],"wp:attachment":[{"href":"https:\/\/xn--josfederspiel-dhb.net\/de\/index.php?rest_route=%2Fwp%2Fv2%2Fmedia&parent=2808"}],"curies":[{"name":"wp","href":"https:\/\/api.w.org\/{rel}","templated":true}]}}