{"id":24,"date":"2009-02-26T21:24:32","date_gmt":"2009-02-26T19:24:32","guid":{"rendered":"http:\/\/xn--josfederspiel-dhb.net\/de\/?page_id=24"},"modified":"2026-02-08T21:19:29","modified_gmt":"2026-02-08T19:19:29","slug":"homes","status":"publish","type":"page","link":"https:\/\/xn--josfederspiel-dhb.net\/de\/","title":{"rendered":"HOME"},"content":{"rendered":"\n<figure class=\"wp-block-image size-full is-resized\"><a href=\"https:\/\/xn--josfederspiel-dhb.net\/de\/wp-content\/uploads\/2026\/02\/Heupferd_M1.jpg\"><img loading=\"lazy\" decoding=\"async\" width=\"2125\" height=\"1297\" src=\"https:\/\/xn--josfederspiel-dhb.net\/de\/wp-content\/uploads\/2026\/02\/Heupferd_M1.jpg\" alt=\"\" class=\"wp-image-3288\" style=\"width:1266px;height:auto\" srcset=\"https:\/\/xn--josfederspiel-dhb.net\/de\/wp-content\/uploads\/2026\/02\/Heupferd_M1.jpg 2125w, https:\/\/xn--josfederspiel-dhb.net\/de\/wp-content\/uploads\/2026\/02\/Heupferd_M1-900x549.jpg 900w, https:\/\/xn--josfederspiel-dhb.net\/de\/wp-content\/uploads\/2026\/02\/Heupferd_M1-768x469.jpg 768w, https:\/\/xn--josfederspiel-dhb.net\/de\/wp-content\/uploads\/2026\/02\/Heupferd_M1-1536x938.jpg 1536w, https:\/\/xn--josfederspiel-dhb.net\/de\/wp-content\/uploads\/2026\/02\/Heupferd_M1-2048x1250.jpg 2048w, https:\/\/xn--josfederspiel-dhb.net\/de\/wp-content\/uploads\/2026\/02\/Heupferd_M1-600x366.jpg 600w\" sizes=\"auto, (max-width: 2125px) 100vw, 2125px\" \/><\/a><\/figure>\n\n\n<div class=\"wp-block-image\">\n<figure class=\"aligncenter size-full is-resized\"><a href=\"https:\/\/xn--josfederspiel-dhb.net\/de\/wp-content\/uploads\/2021\/09\/linie_breit.png\"><img loading=\"lazy\" decoding=\"async\" width=\"1200\" height=\"2\" src=\"https:\/\/xn--josfederspiel-dhb.net\/de\/wp-content\/uploads\/2021\/09\/linie_breit.png\" alt=\"\" class=\"wp-image-2236\" style=\"aspect-ratio:604.0449438202247;width:12081px;height:auto\" srcset=\"https:\/\/xn--josfederspiel-dhb.net\/de\/wp-content\/uploads\/2021\/09\/linie_breit.png 1200w, https:\/\/xn--josfederspiel-dhb.net\/de\/wp-content\/uploads\/2021\/09\/linie_breit-300x2.png 300w, https:\/\/xn--josfederspiel-dhb.net\/de\/wp-content\/uploads\/2021\/09\/linie_breit-1024x2.png 1024w, https:\/\/xn--josfederspiel-dhb.net\/de\/wp-content\/uploads\/2021\/09\/linie_breit-150x2.png 150w, https:\/\/xn--josfederspiel-dhb.net\/de\/wp-content\/uploads\/2021\/09\/linie_breit-768x1.png 768w, https:\/\/xn--josfederspiel-dhb.net\/de\/wp-content\/uploads\/2021\/09\/linie_breit-600x1.png 600w, https:\/\/xn--josfederspiel-dhb.net\/de\/wp-content\/uploads\/2021\/09\/linie_breit-100x2.png 100w\" sizes=\"auto, (max-width: 1200px) 100vw, 1200px\" \/><\/a><\/figure><\/div>\n\n\n<p class=\"has-text-align-center\">Bereits w\u00e4hrend seines Studiums widmete sich Jos\u00e9 Federspiel alias DaMos vielf\u00e4ltigen kreativen T\u00e4tigkeiten. Ab 1996 feierte er erste Erfolge im Bereich Graffiti und Video. Heute umfasst sein kreatives Schaffen Grafik, Malerei, Videokunst und Musik. Er lebt und arbeitet als Grafikdesigner, K\u00fcnstler und Musiker in Pf\u00e4fers im Taminatal.<\/p>\n\n\n\n<p class=\"has-text-align-center has-small-font-size\"><strong>Gr\u00fcnes Heupferd 150 x 100 CM, MIXED MEDIA ON DIBOND<\/strong><br><\/p>\n\n\n\n<p class=\"has-text-align-center has-small-font-size\"><\/p>\n\n\n\n<p><\/p>\n","protected":false},"excerpt":{"rendered":"<p>Bereits w\u00e4hrend seines Studiums widmete sich Jos\u00e9 Federspiel alias DaMos vielf\u00e4ltigen kreativen T\u00e4tigkeiten. Ab 1996 feierte er erste Erfolge im Bereich Graffiti und Video. Heute umfasst sein kreatives Schaffen Grafik, Malerei, Videokunst und Musik. Er lebt und arbeitet als Grafikdesigner, K\u00fcnstler und Musiker in Pf\u00e4fers im Taminatal. Gr\u00fcnes Heupferd 150 x 100 CM, MIXED MEDIA [&hellip;]<\/p>\n","protected":false},"author":1,"featured_media":0,"parent":0,"menu_order":1,"comment_status":"closed","ping_status":"closed","template":"","meta":{"footnotes":""},"class_list":["post-24","page","type-page","status-publish","hentry"],"_links":{"self":[{"href":"https:\/\/xn--josfederspiel-dhb.net\/de\/index.php?rest_route=\/wp\/v2\/pages\/24","targetHints":{"allow":["GET"]}}],"collection":[{"href":"https:\/\/xn--josfederspiel-dhb.net\/de\/index.php?rest_route=\/wp\/v2\/pages"}],"about":[{"href":"https:\/\/xn--josfederspiel-dhb.net\/de\/index.php?rest_route=\/wp\/v2\/types\/page"}],"author":[{"embeddable":true,"href":"https:\/\/xn--josfederspiel-dhb.net\/de\/index.php?rest_route=\/wp\/v2\/users\/1"}],"replies":[{"embeddable":true,"href":"https:\/\/xn--josfederspiel-dhb.net\/de\/index.php?rest_route=%2Fwp%2Fv2%2Fcomments&post=24"}],"version-history":[{"count":322,"href":"https:\/\/xn--josfederspiel-dhb.net\/de\/index.php?rest_route=\/wp\/v2\/pages\/24\/revisions"}],"predecessor-version":[{"id":3290,"href":"https:\/\/xn--josfederspiel-dhb.net\/de\/index.php?rest_route=\/wp\/v2\/pages\/24\/revisions\/3290"}],"wp:attachment":[{"href":"https:\/\/xn--josfederspiel-dhb.net\/de\/index.php?rest_route=%2Fwp%2Fv2%2Fmedia&parent=24"}],"curies":[{"name":"wp","href":"https:\/\/api.w.org\/{rel}","templated":true}]}}